{"id":25757,"date":"2021-04-20T11:18:27","date_gmt":"2021-04-20T08:18:27","guid":{"rendered":"http:\/\/prelive.cbdshop.ee\/?post_type=product&#038;p=25757"},"modified":"2022-09-05T10:46:39","modified_gmt":"2022-09-05T07:46:39","slug":"cbd-gummies-375-mg","status":"publish","type":"product","link":"https:\/\/prelive.cbdshop.ee\/en\/toode\/cbd-gummies-375-mg\/","title":{"rendered":"CBD GUMMIES 375 MG"},"content":{"rendered":"","protected":false},"excerpt":{"rendered":"<p>375 mg CBD Gummies. Assorted Flavours.<\/p>\n<ul>\n<li>Volume: 30 gummies (12,5 mg CBD each)<\/li>\n<li>Pure CBD, Vegan, Gluten Free<\/li>\n<li>THC FREE<\/li>\n<\/ul>\n<p>Finally, sweet support for those looking to take CBD the easy way. \u00a0CBD gummies are made with quality ingredients for superior flavor and texture<\/p>\n","protected":false},"featured_media":25747,"comment_status":"open","ping_status":"closed","template":"","meta":[],"product_cat":[488],"product_tag":[],"yoast_head":"<!-- This site is optimized with the Yoast SEO plugin v20.7 - https:\/\/yoast.com\/wordpress\/plugins\/seo\/ -->\n<title>CBD GUMMIES 375 MG - CBD food - CBDshop.ee<\/title>\n<meta name=\"description\" content=\"CBD GUMMIES 375 MG, parima hinnaga! Kvaliteetsed CBD kanepitooted \u2714 Tasuta tarne \u00fcle kogu Eesti! \u27a4 Osta CBDshopi e-poest!\" \/>\n<meta name=\"robots\" content=\"noindex, follow, max-snippet:-1, max-image-preview:large, max-video-preview:-1\" \/>\n<meta property=\"og:locale\" content=\"en_US\" \/>\n<meta property=\"og:type\" content=\"article\" \/>\n<meta property=\"og:title\" content=\"CBD GUMMIES 375 MG - CBD food - CBDshop.ee\" \/>\n<meta property=\"og:description\" content=\"CBD GUMMIES 375 MG, parima hinnaga! Kvaliteetsed CBD kanepitooted \u2714 Tasuta tarne \u00fcle kogu Eesti! \u27a4 Osta CBDshopi e-poest!\" \/>\n<meta property=\"og:url\" content=\"https:\/\/prelive.cbdshop.ee\/en\/toode\/cbd-gummies-375-mg\/\" \/>\n<meta property=\"og:site_name\" content=\"CBDshop.ee\" \/>\n<meta property=\"article:publisher\" content=\"https:\/\/m.facebook.com\/cbdshop.ee\/\" \/>\n<meta property=\"article:modified_time\" content=\"2022-09-05T07:46:39+00:00\" \/>\n<meta property=\"og:image\" content=\"https:\/\/prelive.cbdshop.ee\/wp-content\/uploads\/2021\/04\/hrm-CBD-Gummies-375-mg.jpg\" \/>\n\t<meta property=\"og:image:width\" content=\"1000\" \/>\n\t<meta property=\"og:image:height\" content=\"1000\" \/>\n\t<meta property=\"og:image:type\" content=\"image\/jpeg\" \/>\n<meta name=\"twitter:card\" content=\"summary_large_image\" \/>\n<script type=\"application\/ld+json\" class=\"yoast-schema-graph\">{\"@context\":\"https:\/\/schema.org\",\"@graph\":[{\"@type\":\"WebPage\",\"@id\":\"https:\/\/prelive.cbdshop.ee\/en\/toode\/cbd-gummies-375-mg\/\",\"url\":\"https:\/\/prelive.cbdshop.ee\/en\/toode\/cbd-gummies-375-mg\/\",\"name\":\"CBD GUMMIES 375 MG - CBD food - CBDshop.ee\",\"isPartOf\":{\"@id\":\"https:\/\/prelive.cbdshop.ee\/#website\"},\"datePublished\":\"2021-04-20T08:18:27+00:00\",\"dateModified\":\"2022-09-05T07:46:39+00:00\",\"description\":\"CBD GUMMIES 375 MG, parima hinnaga! Kvaliteetsed CBD kanepitooted \u2714 Tasuta tarne \u00fcle kogu Eesti! \u27a4 Osta CBDshopi e-poest!\",\"breadcrumb\":{\"@id\":\"https:\/\/prelive.cbdshop.ee\/en\/toode\/cbd-gummies-375-mg\/#breadcrumb\"},\"inLanguage\":\"en-US\",\"potentialAction\":[{\"@type\":\"ReadAction\",\"target\":[\"https:\/\/prelive.cbdshop.ee\/en\/toode\/cbd-gummies-375-mg\/\"]}]},{\"@type\":\"BreadcrumbList\",\"@id\":\"https:\/\/prelive.cbdshop.ee\/en\/toode\/cbd-gummies-375-mg\/#breadcrumb\",\"itemListElement\":[{\"@type\":\"ListItem\",\"position\":1,\"name\":\"Home\",\"item\":\"https:\/\/prelive.cbdshop.ee\/en\/\"},{\"@type\":\"ListItem\",\"position\":2,\"name\":\"Products\",\"item\":\"https:\/\/prelive.cbdshop.ee\/en\/tooted\/\"},{\"@type\":\"ListItem\",\"position\":3,\"name\":\"CBD GUMMIES 375 MG\"}]},{\"@type\":\"WebSite\",\"@id\":\"https:\/\/prelive.cbdshop.ee\/#website\",\"url\":\"https:\/\/prelive.cbdshop.ee\/\",\"name\":\"CBDshop.ee\",\"description\":\"\u00d5itsed, \u00f5ietolm, CBD \u00f5li, CBD kanep, e-vedelikud\",\"publisher\":{\"@id\":\"https:\/\/prelive.cbdshop.ee\/#organization\"},\"potentialAction\":[{\"@type\":\"SearchAction\",\"target\":{\"@type\":\"EntryPoint\",\"urlTemplate\":\"https:\/\/prelive.cbdshop.ee\/?s={search_term_string}\"},\"query-input\":\"required name=search_term_string\"}],\"inLanguage\":\"en-US\"},{\"@type\":\"Organization\",\"@id\":\"https:\/\/prelive.cbdshop.ee\/#organization\",\"name\":\"Nordic Synergy O\u00dc\",\"url\":\"https:\/\/prelive.cbdshop.ee\/\",\"logo\":{\"@type\":\"ImageObject\",\"inLanguage\":\"en-US\",\"@id\":\"https:\/\/prelive.cbdshop.ee\/#\/schema\/logo\/image\/\",\"url\":\"http:\/\/prelive.cbdshop.ee\/wp-content\/uploads\/2019\/05\/CPD_Shop_logo_arvetele.png\",\"contentUrl\":\"http:\/\/prelive.cbdshop.ee\/wp-content\/uploads\/2019\/05\/CPD_Shop_logo_arvetele.png\",\"width\":386,\"height\":354,\"caption\":\"Nordic Synergy O\u00dc\"},\"image\":{\"@id\":\"https:\/\/prelive.cbdshop.ee\/#\/schema\/logo\/image\/\"},\"sameAs\":[\"https:\/\/m.facebook.com\/cbdshop.ee\/\",\"https:\/\/www.instagram.com\/cbdshop.ee\/\"]}]}<\/script>\n<!-- \/ Yoast SEO plugin. -->","yoast_head_json":{"title":"CBD GUMMIES 375 MG - CBD food - CBDshop.ee","description":"CBD GUMMIES 375 MG, parima hinnaga! Kvaliteetsed CBD kanepitooted \u2714 Tasuta tarne \u00fcle kogu Eesti! \u27a4 Osta CBDshopi e-poest!","robots":{"index":"noindex","follow":"follow","max-snippet":"max-snippet:-1","max-image-preview":"max-image-preview:large","max-video-preview":"max-video-preview:-1"},"og_locale":"en_US","og_type":"article","og_title":"CBD GUMMIES 375 MG - CBD food - CBDshop.ee","og_description":"CBD GUMMIES 375 MG, parima hinnaga! Kvaliteetsed CBD kanepitooted \u2714 Tasuta tarne \u00fcle kogu Eesti! \u27a4 Osta CBDshopi e-poest!","og_url":"https:\/\/prelive.cbdshop.ee\/en\/toode\/cbd-gummies-375-mg\/","og_site_name":"CBDshop.ee","article_publisher":"https:\/\/m.facebook.com\/cbdshop.ee\/","article_modified_time":"2022-09-05T07:46:39+00:00","og_image":[{"width":1000,"height":1000,"url":"https:\/\/prelive.cbdshop.ee\/wp-content\/uploads\/2021\/04\/hrm-CBD-Gummies-375-mg.jpg","type":"image\/jpeg"}],"twitter_card":"summary_large_image","schema":{"@context":"https:\/\/schema.org","@graph":[{"@type":"WebPage","@id":"https:\/\/prelive.cbdshop.ee\/en\/toode\/cbd-gummies-375-mg\/","url":"https:\/\/prelive.cbdshop.ee\/en\/toode\/cbd-gummies-375-mg\/","name":"CBD GUMMIES 375 MG - CBD food - CBDshop.ee","isPartOf":{"@id":"https:\/\/prelive.cbdshop.ee\/#website"},"datePublished":"2021-04-20T08:18:27+00:00","dateModified":"2022-09-05T07:46:39+00:00","description":"CBD GUMMIES 375 MG, parima hinnaga! Kvaliteetsed CBD kanepitooted \u2714 Tasuta tarne \u00fcle kogu Eesti! \u27a4 Osta CBDshopi e-poest!","breadcrumb":{"@id":"https:\/\/prelive.cbdshop.ee\/en\/toode\/cbd-gummies-375-mg\/#breadcrumb"},"inLanguage":"en-US","potentialAction":[{"@type":"ReadAction","target":["https:\/\/prelive.cbdshop.ee\/en\/toode\/cbd-gummies-375-mg\/"]}]},{"@type":"BreadcrumbList","@id":"https:\/\/prelive.cbdshop.ee\/en\/toode\/cbd-gummies-375-mg\/#breadcrumb","itemListElement":[{"@type":"ListItem","position":1,"name":"Home","item":"https:\/\/prelive.cbdshop.ee\/en\/"},{"@type":"ListItem","position":2,"name":"Products","item":"https:\/\/prelive.cbdshop.ee\/en\/tooted\/"},{"@type":"ListItem","position":3,"name":"CBD GUMMIES 375 MG"}]},{"@type":"WebSite","@id":"https:\/\/prelive.cbdshop.ee\/#website","url":"https:\/\/prelive.cbdshop.ee\/","name":"CBDshop.ee","description":"\u00d5itsed, \u00f5ietolm, CBD \u00f5li, CBD kanep, e-vedelikud","publisher":{"@id":"https:\/\/prelive.cbdshop.ee\/#organization"},"potentialAction":[{"@type":"SearchAction","target":{"@type":"EntryPoint","urlTemplate":"https:\/\/prelive.cbdshop.ee\/?s={search_term_string}"},"query-input":"required name=search_term_string"}],"inLanguage":"en-US"},{"@type":"Organization","@id":"https:\/\/prelive.cbdshop.ee\/#organization","name":"Nordic Synergy O\u00dc","url":"https:\/\/prelive.cbdshop.ee\/","logo":{"@type":"ImageObject","inLanguage":"en-US","@id":"https:\/\/prelive.cbdshop.ee\/#\/schema\/logo\/image\/","url":"http:\/\/prelive.cbdshop.ee\/wp-content\/uploads\/2019\/05\/CPD_Shop_logo_arvetele.png","contentUrl":"http:\/\/prelive.cbdshop.ee\/wp-content\/uploads\/2019\/05\/CPD_Shop_logo_arvetele.png","width":386,"height":354,"caption":"Nordic Synergy O\u00dc"},"image":{"@id":"https:\/\/prelive.cbdshop.ee\/#\/schema\/logo\/image\/"},"sameAs":["https:\/\/m.facebook.com\/cbdshop.ee\/","https:\/\/www.instagram.com\/cbdshop.ee\/"]}]}},"_links":{"self":[{"href":"https:\/\/prelive.cbdshop.ee\/en\/wp-json\/wp\/v2\/product\/25757"}],"collection":[{"href":"https:\/\/prelive.cbdshop.ee\/en\/wp-json\/wp\/v2\/product"}],"about":[{"href":"https:\/\/prelive.cbdshop.ee\/en\/wp-json\/wp\/v2\/types\/product"}],"replies":[{"embeddable":true,"href":"https:\/\/prelive.cbdshop.ee\/en\/wp-json\/wp\/v2\/comments?post=25757"}],"wp:featuredmedia":[{"embeddable":true,"href":"https:\/\/prelive.cbdshop.ee\/en\/wp-json\/wp\/v2\/media\/25747"}],"wp:attachment":[{"href":"https:\/\/prelive.cbdshop.ee\/en\/wp-json\/wp\/v2\/media?parent=25757"}],"wp:term":[{"taxonomy":"product_cat","embeddable":true,"href":"https:\/\/prelive.cbdshop.ee\/en\/wp-json\/wp\/v2\/product_cat?post=25757"},{"taxonomy":"product_tag","embeddable":true,"href":"https:\/\/prelive.cbdshop.ee\/en\/wp-json\/wp\/v2\/product_tag?post=25757"}],"curies":[{"name":"wp","href":"https:\/\/api.w.org\/{rel}","templated":true}]}}