{"id":28461,"date":"2022-07-30T18:56:25","date_gmt":"2022-07-30T15:56:25","guid":{"rendered":"http:\/\/prelive.cbdshop.ee\/?post_type=product&#038;p=28461"},"modified":"2023-04-17T23:59:43","modified_gmt":"2023-04-17T20:59:43","slug":"cbd-hash-40-jamaican-charas","status":"publish","type":"product","link":"https:\/\/prelive.cbdshop.ee\/en\/toode\/cbd-hash-40-jamaican-charas\/","title":{"rendered":"CBD HASH 40% JAMAICAN CHARAS"},"content":{"rendered":"","protected":false},"excerpt":{"rendered":"<p>Euphoria Jamaican Charas Hash is original classic Charas loved by all the hardcore weedsters worldwide. Extracted from the finest quality Cannabis Sativa plant. Euphoria Jamaican Charas CBD Hash is a quality product with 40% full-spectrum CBD and natural terpenes. This hash is a perfect choice for smokers who prefer authentic flavoured products.<\/p>\n<p><strong>Jamaican Rasta Vibes\u00a0<\/strong><\/p>\n<p>The fine quality of the product can easily send out Rasta vibes. For every Hash lover out there, the smell of this hash will transcend you into a euphoric state.<\/p>\n<p><strong>High-Quality CBD Hash<\/strong><\/p>\n<p>The CBD Hash is extracted from the finest quality Cannabis Sativa plant, and you can feel the rich texture by holding it on your fingertip. The Euphoria Jamaican Charas CBD Hash is incredibly squishy and contains the right amount of moisture to enhance its flavour.<\/p>\n<p><strong>Premium Packaging<\/strong><\/p>\n<p>Euphoria Jamaican Charas CBD Hash comes in 1gram packing stored in a plastic container to preserve this product&#8217;s freshness and superb quality.<\/p>\n<p><strong>Features:<\/strong><\/p>\n<ul>\n<li>&lt;0.2% THC<\/li>\n<li>40% Full Spectrum CBD<\/li>\n<li>Made of 100% Pure Cannabis Sativa<\/li>\n<li>Premium Packaging<\/li>\n<li>Savoury Aroma<\/li>\n<\/ul>\n","protected":false},"featured_media":28462,"comment_status":"open","ping_status":"closed","template":"","meta":[],"product_cat":[452],"product_tag":[],"yoast_head":"<!-- This site is optimized with the Yoast SEO plugin v20.7 - https:\/\/yoast.com\/wordpress\/plugins\/seo\/ -->\n<title>CBD HASH 40% JAMAICAN CHARAS - CBD flowers and hash - CBDshop.ee<\/title>\n<meta name=\"description\" content=\"CBD HASH 40% JAMAICAN CHARAS, parima hinnaga! Kvaliteetsed CBD kanepitooted \u2714 Tasuta tarne \u00fcle kogu Eesti! \u27a4 Osta CBDshopi e-poest!\" \/>\n<meta name=\"robots\" content=\"noindex, follow, max-snippet:-1, max-image-preview:large, max-video-preview:-1\" \/>\n<meta property=\"og:locale\" content=\"en_US\" \/>\n<meta property=\"og:type\" content=\"article\" \/>\n<meta property=\"og:title\" content=\"CBD HASH 40% JAMAICAN CHARAS - CBD flowers and hash - CBDshop.ee\" \/>\n<meta property=\"og:description\" content=\"CBD HASH 40% JAMAICAN CHARAS, parima hinnaga! Kvaliteetsed CBD kanepitooted \u2714 Tasuta tarne \u00fcle kogu Eesti! \u27a4 Osta CBDshopi e-poest!\" \/>\n<meta property=\"og:url\" content=\"https:\/\/prelive.cbdshop.ee\/en\/toode\/cbd-hash-40-jamaican-charas\/\" \/>\n<meta property=\"og:site_name\" content=\"CBDshop.ee\" \/>\n<meta property=\"article:publisher\" content=\"https:\/\/m.facebook.com\/cbdshop.ee\/\" \/>\n<meta property=\"article:modified_time\" content=\"2023-04-17T20:59:43+00:00\" \/>\n<meta property=\"og:image\" content=\"https:\/\/prelive.cbdshop.ee\/wp-content\/uploads\/2022\/07\/3jv-676-Euphoria-40-CBD-Hash-Jamaican-Charas.png\" \/>\n\t<meta property=\"og:image:width\" content=\"1000\" \/>\n\t<meta property=\"og:image:height\" content=\"1000\" \/>\n\t<meta property=\"og:image:type\" content=\"image\/png\" \/>\n<meta name=\"twitter:card\" content=\"summary_large_image\" \/>\n<script type=\"application\/ld+json\" class=\"yoast-schema-graph\">{\"@context\":\"https:\/\/schema.org\",\"@graph\":[{\"@type\":\"WebPage\",\"@id\":\"https:\/\/prelive.cbdshop.ee\/en\/toode\/cbd-hash-40-jamaican-charas\/\",\"url\":\"https:\/\/prelive.cbdshop.ee\/en\/toode\/cbd-hash-40-jamaican-charas\/\",\"name\":\"CBD HASH 40% JAMAICAN CHARAS - CBD flowers and hash - CBDshop.ee\",\"isPartOf\":{\"@id\":\"https:\/\/prelive.cbdshop.ee\/#website\"},\"datePublished\":\"2022-07-30T15:56:25+00:00\",\"dateModified\":\"2023-04-17T20:59:43+00:00\",\"description\":\"CBD HASH 40% JAMAICAN CHARAS, parima hinnaga! Kvaliteetsed CBD kanepitooted \u2714 Tasuta tarne \u00fcle kogu Eesti! \u27a4 Osta CBDshopi e-poest!\",\"breadcrumb\":{\"@id\":\"https:\/\/prelive.cbdshop.ee\/en\/toode\/cbd-hash-40-jamaican-charas\/#breadcrumb\"},\"inLanguage\":\"en-US\",\"potentialAction\":[{\"@type\":\"ReadAction\",\"target\":[\"https:\/\/prelive.cbdshop.ee\/en\/toode\/cbd-hash-40-jamaican-charas\/\"]}]},{\"@type\":\"BreadcrumbList\",\"@id\":\"https:\/\/prelive.cbdshop.ee\/en\/toode\/cbd-hash-40-jamaican-charas\/#breadcrumb\",\"itemListElement\":[{\"@type\":\"ListItem\",\"position\":1,\"name\":\"Home\",\"item\":\"https:\/\/prelive.cbdshop.ee\/en\/\"},{\"@type\":\"ListItem\",\"position\":2,\"name\":\"Products\",\"item\":\"https:\/\/prelive.cbdshop.ee\/en\/tooted\/\"},{\"@type\":\"ListItem\",\"position\":3,\"name\":\"CBD HASH 40% JAMAICAN CHARAS\"}]},{\"@type\":\"WebSite\",\"@id\":\"https:\/\/prelive.cbdshop.ee\/#website\",\"url\":\"https:\/\/prelive.cbdshop.ee\/\",\"name\":\"CBDshop.ee\",\"description\":\"\u00d5itsed, \u00f5ietolm, CBD \u00f5li, CBD kanep, e-vedelikud\",\"publisher\":{\"@id\":\"https:\/\/prelive.cbdshop.ee\/#organization\"},\"potentialAction\":[{\"@type\":\"SearchAction\",\"target\":{\"@type\":\"EntryPoint\",\"urlTemplate\":\"https:\/\/prelive.cbdshop.ee\/?s={search_term_string}\"},\"query-input\":\"required name=search_term_string\"}],\"inLanguage\":\"en-US\"},{\"@type\":\"Organization\",\"@id\":\"https:\/\/prelive.cbdshop.ee\/#organization\",\"name\":\"Nordic Synergy O\u00dc\",\"url\":\"https:\/\/prelive.cbdshop.ee\/\",\"logo\":{\"@type\":\"ImageObject\",\"inLanguage\":\"en-US\",\"@id\":\"https:\/\/prelive.cbdshop.ee\/#\/schema\/logo\/image\/\",\"url\":\"http:\/\/prelive.cbdshop.ee\/wp-content\/uploads\/2019\/05\/CPD_Shop_logo_arvetele.png\",\"contentUrl\":\"http:\/\/prelive.cbdshop.ee\/wp-content\/uploads\/2019\/05\/CPD_Shop_logo_arvetele.png\",\"width\":386,\"height\":354,\"caption\":\"Nordic Synergy O\u00dc\"},\"image\":{\"@id\":\"https:\/\/prelive.cbdshop.ee\/#\/schema\/logo\/image\/\"},\"sameAs\":[\"https:\/\/m.facebook.com\/cbdshop.ee\/\",\"https:\/\/www.instagram.com\/cbdshop.ee\/\"]}]}<\/script>\n<!-- \/ Yoast SEO plugin. -->","yoast_head_json":{"title":"CBD HASH 40% JAMAICAN CHARAS - CBD flowers and hash - CBDshop.ee","description":"CBD HASH 40% JAMAICAN CHARAS, parima hinnaga! Kvaliteetsed CBD kanepitooted \u2714 Tasuta tarne \u00fcle kogu Eesti! \u27a4 Osta CBDshopi e-poest!","robots":{"index":"noindex","follow":"follow","max-snippet":"max-snippet:-1","max-image-preview":"max-image-preview:large","max-video-preview":"max-video-preview:-1"},"og_locale":"en_US","og_type":"article","og_title":"CBD HASH 40% JAMAICAN CHARAS - CBD flowers and hash - CBDshop.ee","og_description":"CBD HASH 40% JAMAICAN CHARAS, parima hinnaga! Kvaliteetsed CBD kanepitooted \u2714 Tasuta tarne \u00fcle kogu Eesti! \u27a4 Osta CBDshopi e-poest!","og_url":"https:\/\/prelive.cbdshop.ee\/en\/toode\/cbd-hash-40-jamaican-charas\/","og_site_name":"CBDshop.ee","article_publisher":"https:\/\/m.facebook.com\/cbdshop.ee\/","article_modified_time":"2023-04-17T20:59:43+00:00","og_image":[{"width":1000,"height":1000,"url":"https:\/\/prelive.cbdshop.ee\/wp-content\/uploads\/2022\/07\/3jv-676-Euphoria-40-CBD-Hash-Jamaican-Charas.png","type":"image\/png"}],"twitter_card":"summary_large_image","schema":{"@context":"https:\/\/schema.org","@graph":[{"@type":"WebPage","@id":"https:\/\/prelive.cbdshop.ee\/en\/toode\/cbd-hash-40-jamaican-charas\/","url":"https:\/\/prelive.cbdshop.ee\/en\/toode\/cbd-hash-40-jamaican-charas\/","name":"CBD HASH 40% JAMAICAN CHARAS - CBD flowers and hash - CBDshop.ee","isPartOf":{"@id":"https:\/\/prelive.cbdshop.ee\/#website"},"datePublished":"2022-07-30T15:56:25+00:00","dateModified":"2023-04-17T20:59:43+00:00","description":"CBD HASH 40% JAMAICAN CHARAS, parima hinnaga! Kvaliteetsed CBD kanepitooted \u2714 Tasuta tarne \u00fcle kogu Eesti! \u27a4 Osta CBDshopi e-poest!","breadcrumb":{"@id":"https:\/\/prelive.cbdshop.ee\/en\/toode\/cbd-hash-40-jamaican-charas\/#breadcrumb"},"inLanguage":"en-US","potentialAction":[{"@type":"ReadAction","target":["https:\/\/prelive.cbdshop.ee\/en\/toode\/cbd-hash-40-jamaican-charas\/"]}]},{"@type":"BreadcrumbList","@id":"https:\/\/prelive.cbdshop.ee\/en\/toode\/cbd-hash-40-jamaican-charas\/#breadcrumb","itemListElement":[{"@type":"ListItem","position":1,"name":"Home","item":"https:\/\/prelive.cbdshop.ee\/en\/"},{"@type":"ListItem","position":2,"name":"Products","item":"https:\/\/prelive.cbdshop.ee\/en\/tooted\/"},{"@type":"ListItem","position":3,"name":"CBD HASH 40% JAMAICAN CHARAS"}]},{"@type":"WebSite","@id":"https:\/\/prelive.cbdshop.ee\/#website","url":"https:\/\/prelive.cbdshop.ee\/","name":"CBDshop.ee","description":"\u00d5itsed, \u00f5ietolm, CBD \u00f5li, CBD kanep, e-vedelikud","publisher":{"@id":"https:\/\/prelive.cbdshop.ee\/#organization"},"potentialAction":[{"@type":"SearchAction","target":{"@type":"EntryPoint","urlTemplate":"https:\/\/prelive.cbdshop.ee\/?s={search_term_string}"},"query-input":"required name=search_term_string"}],"inLanguage":"en-US"},{"@type":"Organization","@id":"https:\/\/prelive.cbdshop.ee\/#organization","name":"Nordic Synergy O\u00dc","url":"https:\/\/prelive.cbdshop.ee\/","logo":{"@type":"ImageObject","inLanguage":"en-US","@id":"https:\/\/prelive.cbdshop.ee\/#\/schema\/logo\/image\/","url":"http:\/\/prelive.cbdshop.ee\/wp-content\/uploads\/2019\/05\/CPD_Shop_logo_arvetele.png","contentUrl":"http:\/\/prelive.cbdshop.ee\/wp-content\/uploads\/2019\/05\/CPD_Shop_logo_arvetele.png","width":386,"height":354,"caption":"Nordic Synergy O\u00dc"},"image":{"@id":"https:\/\/prelive.cbdshop.ee\/#\/schema\/logo\/image\/"},"sameAs":["https:\/\/m.facebook.com\/cbdshop.ee\/","https:\/\/www.instagram.com\/cbdshop.ee\/"]}]}},"_links":{"self":[{"href":"https:\/\/prelive.cbdshop.ee\/en\/wp-json\/wp\/v2\/product\/28461"}],"collection":[{"href":"https:\/\/prelive.cbdshop.ee\/en\/wp-json\/wp\/v2\/product"}],"about":[{"href":"https:\/\/prelive.cbdshop.ee\/en\/wp-json\/wp\/v2\/types\/product"}],"replies":[{"embeddable":true,"href":"https:\/\/prelive.cbdshop.ee\/en\/wp-json\/wp\/v2\/comments?post=28461"}],"wp:featuredmedia":[{"embeddable":true,"href":"https:\/\/prelive.cbdshop.ee\/en\/wp-json\/wp\/v2\/media\/28462"}],"wp:attachment":[{"href":"https:\/\/prelive.cbdshop.ee\/en\/wp-json\/wp\/v2\/media?parent=28461"}],"wp:term":[{"taxonomy":"product_cat","embeddable":true,"href":"https:\/\/prelive.cbdshop.ee\/en\/wp-json\/wp\/v2\/product_cat?post=28461"},{"taxonomy":"product_tag","embeddable":true,"href":"https:\/\/prelive.cbdshop.ee\/en\/wp-json\/wp\/v2\/product_tag?post=28461"}],"curies":[{"name":"wp","href":"https:\/\/api.w.org\/{rel}","templated":true}]}}