{"id":25750,"date":"2021-04-18T17:04:43","date_gmt":"2021-04-18T14:04:43","guid":{"rendered":"http:\/\/prelive.cbdshop.ee\/?post_type=product&#038;p=25750"},"modified":"2022-09-05T10:45:04","modified_gmt":"2022-09-05T07:45:04","slug":"cbd-karkit-750-mg-2","status":"publish","type":"product","link":"https:\/\/prelive.cbdshop.ee\/fi\/toode\/cbd-karkit-750-mg-2\/","title":{"rendered":"CBD karkit 375 mg"},"content":{"rendered":"","protected":false},"excerpt":{"rendered":"<p id=\"E1989\" class=\"x-scope qowt-word-para-0\"><span id=\"E1990\">CBD:n nauttiminen on helpompaa kuin koskaan! Vai mit\u00e4 sanot t\u00e4st\u00e4 v<\/span><span id=\"E1991\">alikoima<\/span><span id=\"E1992\">sta<\/span><span id=\"E1993\"> hedelm\u00e4is<\/span><span id=\"E1994\">en<\/span><span id=\"E1995\"> ja marjais<\/span><span id=\"E1996\">an<\/span><span id=\"E1997\"> maku<\/span><span id=\"E1998\">isia CBD-karkkeja<\/span><span id=\"E1999\"> 375 mg pakkauskoossa. <\/span><\/p>\n<p id=\"E2001\" class=\"x-scope qowt-word-para-0\"><span id=\"E2002\">Valmistamme CBD-karkit laadukkaista <\/span><span id=\"E2003\">ja <\/span><span id=\"E2004\">turvallisista ainesosista. N\u00e4in saamme aikaiseksi <\/span><span id=\"E2005\">niiden <\/span><span id=\"E2006\">mehukkaan maun ja miellytt\u00e4v\u00e4n koostumuksen.<\/span><\/p>\n<p id=\"E2008\" class=\"x-scope qowt-word-para-0\"><span id=\"E2009\">Yhdess\u00e4 karkissa on 25 mg CBD:t\u00e4, eli annostus pysyy aina tarkasti samana. Nappaa karkki helposti, miss\u00e4 ikin\u00e4 oletkaan.<\/span><span id=\"E2010\"> <\/span><span id=\"E2011\">Mik\u00e4 parasta, ne ovat herkkua!<\/span><\/p>\n<ul>\n<li id=\"E2013\" class=\"qowt-li-7_0 qowt-list qowt-stl-Luettelokappale x-scope qowt-word-para-0\"><span id=\"E2014\">15<\/span><span id=\"E2015\"> k<\/span><span id=\"E2016\">arkkia<\/span><span id=\"E2017\"> (12,5 mg CBD<\/span><span id=\"E2018\">:t\u00e4\/karkki<\/span><span id=\"E2019\">)<\/span><\/li>\n<li id=\"E2020\" class=\"qowt-li-7_0 qowt-list qowt-stl-Luettelokappale x-scope qowt-word-para-0\"><span id=\"E2021\">V<\/span><span id=\"E2022\">egaani<\/span><span id=\"E2023\">nen<\/span><\/li>\n<li id=\"E2024\" class=\"qowt-li-7_0 qowt-list qowt-stl-Luettelokappale x-scope qowt-word-para-0\"><span id=\"E2025\">G<\/span><span id=\"E2026\">luteeniton<\/span><\/li>\n<li id=\"E2027\" class=\"qowt-li-7_0 qowt-list qowt-stl-Luettelokappale x-scope qowt-word-para-0\"><span id=\"E2028\">THC<\/span><span id=\"E2029\">-vapaa<\/span><\/li>\n<\/ul>\n","protected":false},"featured_media":25748,"comment_status":"open","ping_status":"closed","template":"","meta":[],"product_cat":[489],"product_tag":[],"yoast_head":"<!-- This site is optimized with the Yoast SEO plugin v20.7 - https:\/\/yoast.com\/wordpress\/plugins\/seo\/ -->\n<title>CBD karkit 375 mg - CBD ruokaa - CBDshop.ee<\/title>\n<meta name=\"description\" content=\"CBD karkit 375 mg, parima hinnaga! Kvaliteetsed CBD kanepitooted \u2714 Tasuta tarne \u00fcle kogu Eesti! \u27a4 Osta CBDshopi e-poest!\" \/>\n<meta name=\"robots\" content=\"noindex, follow, max-snippet:-1, max-image-preview:large, max-video-preview:-1\" \/>\n<meta property=\"og:locale\" content=\"fi_FI\" \/>\n<meta property=\"og:type\" content=\"article\" \/>\n<meta property=\"og:title\" content=\"CBD karkit 375 mg - CBD ruokaa - CBDshop.ee\" \/>\n<meta property=\"og:description\" content=\"CBD karkit 375 mg, parima hinnaga! Kvaliteetsed CBD kanepitooted \u2714 Tasuta tarne \u00fcle kogu Eesti! \u27a4 Osta CBDshopi e-poest!\" \/>\n<meta property=\"og:url\" content=\"https:\/\/prelive.cbdshop.ee\/fi\/toode\/cbd-karkit-750-mg-2\/\" \/>\n<meta property=\"og:site_name\" content=\"CBDshop.ee\" \/>\n<meta property=\"article:publisher\" content=\"https:\/\/m.facebook.com\/cbdshop.ee\/\" \/>\n<meta property=\"article:modified_time\" content=\"2022-09-05T07:45:04+00:00\" \/>\n<meta property=\"og:image\" content=\"https:\/\/prelive.cbdshop.ee\/wp-content\/uploads\/2021\/04\/hrm-CBD-Gummies-375-mg.jpg\" \/>\n\t<meta property=\"og:image:width\" content=\"1000\" \/>\n\t<meta property=\"og:image:height\" content=\"1000\" \/>\n\t<meta property=\"og:image:type\" content=\"image\/jpeg\" \/>\n<meta name=\"twitter:card\" content=\"summary_large_image\" \/>\n<script type=\"application\/ld+json\" class=\"yoast-schema-graph\">{\"@context\":\"https:\/\/schema.org\",\"@graph\":[{\"@type\":\"WebPage\",\"@id\":\"https:\/\/prelive.cbdshop.ee\/fi\/toode\/cbd-karkit-750-mg-2\/\",\"url\":\"https:\/\/prelive.cbdshop.ee\/fi\/toode\/cbd-karkit-750-mg-2\/\",\"name\":\"CBD karkit 375 mg - CBD ruokaa - CBDshop.ee\",\"isPartOf\":{\"@id\":\"https:\/\/prelive.cbdshop.ee\/#website\"},\"datePublished\":\"2021-04-18T14:04:43+00:00\",\"dateModified\":\"2022-09-05T07:45:04+00:00\",\"description\":\"CBD karkit 375 mg, parima hinnaga! Kvaliteetsed CBD kanepitooted \u2714 Tasuta tarne \u00fcle kogu Eesti! \u27a4 Osta CBDshopi e-poest!\",\"breadcrumb\":{\"@id\":\"https:\/\/prelive.cbdshop.ee\/fi\/toode\/cbd-karkit-750-mg-2\/#breadcrumb\"},\"inLanguage\":\"fi\",\"potentialAction\":[{\"@type\":\"ReadAction\",\"target\":[\"https:\/\/prelive.cbdshop.ee\/fi\/toode\/cbd-karkit-750-mg-2\/\"]}]},{\"@type\":\"BreadcrumbList\",\"@id\":\"https:\/\/prelive.cbdshop.ee\/fi\/toode\/cbd-karkit-750-mg-2\/#breadcrumb\",\"itemListElement\":[{\"@type\":\"ListItem\",\"position\":1,\"name\":\"Home\",\"item\":\"https:\/\/prelive.cbdshop.ee\/fi\/\"},{\"@type\":\"ListItem\",\"position\":2,\"name\":\"Tuotteet\",\"item\":\"https:\/\/prelive.cbdshop.ee\/fi\/tooted\/\"},{\"@type\":\"ListItem\",\"position\":3,\"name\":\"CBD karkit 375 mg\"}]},{\"@type\":\"WebSite\",\"@id\":\"https:\/\/prelive.cbdshop.ee\/#website\",\"url\":\"https:\/\/prelive.cbdshop.ee\/\",\"name\":\"CBDshop.ee\",\"description\":\"\u00d5itsed, \u00f5ietolm, CBD \u00f5li, CBD kanep, e-vedelikud\",\"publisher\":{\"@id\":\"https:\/\/prelive.cbdshop.ee\/#organization\"},\"potentialAction\":[{\"@type\":\"SearchAction\",\"target\":{\"@type\":\"EntryPoint\",\"urlTemplate\":\"https:\/\/prelive.cbdshop.ee\/?s={search_term_string}\"},\"query-input\":\"required name=search_term_string\"}],\"inLanguage\":\"fi\"},{\"@type\":\"Organization\",\"@id\":\"https:\/\/prelive.cbdshop.ee\/#organization\",\"name\":\"Nordic Synergy O\u00dc\",\"url\":\"https:\/\/prelive.cbdshop.ee\/\",\"logo\":{\"@type\":\"ImageObject\",\"inLanguage\":\"fi\",\"@id\":\"https:\/\/prelive.cbdshop.ee\/#\/schema\/logo\/image\/\",\"url\":\"http:\/\/prelive.cbdshop.ee\/wp-content\/uploads\/2019\/05\/CPD_Shop_logo_arvetele.png\",\"contentUrl\":\"http:\/\/prelive.cbdshop.ee\/wp-content\/uploads\/2019\/05\/CPD_Shop_logo_arvetele.png\",\"width\":386,\"height\":354,\"caption\":\"Nordic Synergy O\u00dc\"},\"image\":{\"@id\":\"https:\/\/prelive.cbdshop.ee\/#\/schema\/logo\/image\/\"},\"sameAs\":[\"https:\/\/m.facebook.com\/cbdshop.ee\/\",\"https:\/\/www.instagram.com\/cbdshop.ee\/\"]}]}<\/script>\n<!-- \/ Yoast SEO plugin. -->","yoast_head_json":{"title":"CBD karkit 375 mg - CBD ruokaa - CBDshop.ee","description":"CBD karkit 375 mg, parima hinnaga! Kvaliteetsed CBD kanepitooted \u2714 Tasuta tarne \u00fcle kogu Eesti! \u27a4 Osta CBDshopi e-poest!","robots":{"index":"noindex","follow":"follow","max-snippet":"max-snippet:-1","max-image-preview":"max-image-preview:large","max-video-preview":"max-video-preview:-1"},"og_locale":"fi_FI","og_type":"article","og_title":"CBD karkit 375 mg - CBD ruokaa - CBDshop.ee","og_description":"CBD karkit 375 mg, parima hinnaga! Kvaliteetsed CBD kanepitooted \u2714 Tasuta tarne \u00fcle kogu Eesti! \u27a4 Osta CBDshopi e-poest!","og_url":"https:\/\/prelive.cbdshop.ee\/fi\/toode\/cbd-karkit-750-mg-2\/","og_site_name":"CBDshop.ee","article_publisher":"https:\/\/m.facebook.com\/cbdshop.ee\/","article_modified_time":"2022-09-05T07:45:04+00:00","og_image":[{"width":1000,"height":1000,"url":"https:\/\/prelive.cbdshop.ee\/wp-content\/uploads\/2021\/04\/hrm-CBD-Gummies-375-mg.jpg","type":"image\/jpeg"}],"twitter_card":"summary_large_image","schema":{"@context":"https:\/\/schema.org","@graph":[{"@type":"WebPage","@id":"https:\/\/prelive.cbdshop.ee\/fi\/toode\/cbd-karkit-750-mg-2\/","url":"https:\/\/prelive.cbdshop.ee\/fi\/toode\/cbd-karkit-750-mg-2\/","name":"CBD karkit 375 mg - CBD ruokaa - CBDshop.ee","isPartOf":{"@id":"https:\/\/prelive.cbdshop.ee\/#website"},"datePublished":"2021-04-18T14:04:43+00:00","dateModified":"2022-09-05T07:45:04+00:00","description":"CBD karkit 375 mg, parima hinnaga! Kvaliteetsed CBD kanepitooted \u2714 Tasuta tarne \u00fcle kogu Eesti! \u27a4 Osta CBDshopi e-poest!","breadcrumb":{"@id":"https:\/\/prelive.cbdshop.ee\/fi\/toode\/cbd-karkit-750-mg-2\/#breadcrumb"},"inLanguage":"fi","potentialAction":[{"@type":"ReadAction","target":["https:\/\/prelive.cbdshop.ee\/fi\/toode\/cbd-karkit-750-mg-2\/"]}]},{"@type":"BreadcrumbList","@id":"https:\/\/prelive.cbdshop.ee\/fi\/toode\/cbd-karkit-750-mg-2\/#breadcrumb","itemListElement":[{"@type":"ListItem","position":1,"name":"Home","item":"https:\/\/prelive.cbdshop.ee\/fi\/"},{"@type":"ListItem","position":2,"name":"Tuotteet","item":"https:\/\/prelive.cbdshop.ee\/fi\/tooted\/"},{"@type":"ListItem","position":3,"name":"CBD karkit 375 mg"}]},{"@type":"WebSite","@id":"https:\/\/prelive.cbdshop.ee\/#website","url":"https:\/\/prelive.cbdshop.ee\/","name":"CBDshop.ee","description":"\u00d5itsed, \u00f5ietolm, CBD \u00f5li, CBD kanep, e-vedelikud","publisher":{"@id":"https:\/\/prelive.cbdshop.ee\/#organization"},"potentialAction":[{"@type":"SearchAction","target":{"@type":"EntryPoint","urlTemplate":"https:\/\/prelive.cbdshop.ee\/?s={search_term_string}"},"query-input":"required name=search_term_string"}],"inLanguage":"fi"},{"@type":"Organization","@id":"https:\/\/prelive.cbdshop.ee\/#organization","name":"Nordic Synergy O\u00dc","url":"https:\/\/prelive.cbdshop.ee\/","logo":{"@type":"ImageObject","inLanguage":"fi","@id":"https:\/\/prelive.cbdshop.ee\/#\/schema\/logo\/image\/","url":"http:\/\/prelive.cbdshop.ee\/wp-content\/uploads\/2019\/05\/CPD_Shop_logo_arvetele.png","contentUrl":"http:\/\/prelive.cbdshop.ee\/wp-content\/uploads\/2019\/05\/CPD_Shop_logo_arvetele.png","width":386,"height":354,"caption":"Nordic Synergy O\u00dc"},"image":{"@id":"https:\/\/prelive.cbdshop.ee\/#\/schema\/logo\/image\/"},"sameAs":["https:\/\/m.facebook.com\/cbdshop.ee\/","https:\/\/www.instagram.com\/cbdshop.ee\/"]}]}},"_links":{"self":[{"href":"https:\/\/prelive.cbdshop.ee\/fi\/wp-json\/wp\/v2\/product\/25750"}],"collection":[{"href":"https:\/\/prelive.cbdshop.ee\/fi\/wp-json\/wp\/v2\/product"}],"about":[{"href":"https:\/\/prelive.cbdshop.ee\/fi\/wp-json\/wp\/v2\/types\/product"}],"replies":[{"embeddable":true,"href":"https:\/\/prelive.cbdshop.ee\/fi\/wp-json\/wp\/v2\/comments?post=25750"}],"wp:featuredmedia":[{"embeddable":true,"href":"https:\/\/prelive.cbdshop.ee\/fi\/wp-json\/wp\/v2\/media\/25748"}],"wp:attachment":[{"href":"https:\/\/prelive.cbdshop.ee\/fi\/wp-json\/wp\/v2\/media?parent=25750"}],"wp:term":[{"taxonomy":"product_cat","embeddable":true,"href":"https:\/\/prelive.cbdshop.ee\/fi\/wp-json\/wp\/v2\/product_cat?post=25750"},{"taxonomy":"product_tag","embeddable":true,"href":"https:\/\/prelive.cbdshop.ee\/fi\/wp-json\/wp\/v2\/product_tag?post=25750"}],"curies":[{"name":"wp","href":"https:\/\/api.w.org\/{rel}","templated":true}]}}