{"id":27690,"date":"2022-03-31T17:54:38","date_gmt":"2022-03-31T14:54:38","guid":{"rendered":"http:\/\/prelive.cbdshop.ee\/?post_type=product&#038;p=27690"},"modified":"2022-12-22T12:50:51","modified_gmt":"2022-12-22T10:50:51","slug":"cannaline-kaantymista-vastaan-cbd-seerumi","status":"publish","type":"product","link":"https:\/\/prelive.cbdshop.ee\/fi\/toode\/cannaline-kaantymista-vastaan-cbd-seerumi\/","title":{"rendered":"cannaline K\u00c4\u00c4NTYMIST\u00c4 VASTAAN CBD SEERUMI"},"content":{"rendered":"<p><strong>Netto weight:<\/strong> 50 ml<br \/>\n<strong>Ingredients:<\/strong> Aqua, Squalane, Glycerin, Panthenol, Butyrospermum Parkii Butter, Oleyl Erucate, Cannabis Sativa Seed Oil, Glyceryl Oleate, Tocopheryl Acetate, Glyceryl Stearate, Polyacrylamide, Caviar Extract, Cannabidiol, Camellia Sinensis Leaf Extract, Amorolphellus Konjac Root Extract, Phenoxyethanol, Propylene Glycol, Laureth-7, C13-14 Isoparaffin, Ethylhexylglycetin, Parfum, alpha- Isomethyl Ionone.<\/p>\n","protected":false},"excerpt":{"rendered":"<p>Rauhoittaa| Kosteuttaa ihoasi<br \/>\nCBD:t\u00e4, hamppu\u00f6ljy\u00e4 ja kaviaariuutetta sis\u00e4lt\u00e4v\u00e4 seerumi on erityinen kosmeettinen tuote, joka sopii v\u00e4litt\u00f6m\u00e4\u00e4n ja tehokkaaseen ihonhoitoon. Se on eritt\u00e4in kevyt ja helppo levitt\u00e4\u00e4 ja sis\u00e4lt\u00e4\u00e4 korkealaatuisia kosmeettisia \u00f6ljyj\u00e4, sheavoita, kaviaariuutetta, kiinalaista vihre\u00e4\u00e4 teeuutetta, kasvisgeeli\u00e4, E-vitamiinia, pantenolia ja muita hy\u00f6dyllisi\u00e4 aineita. Seerumia on helppo levitt\u00e4\u00e4 kasvoille ja dekolteelle milloin tahansa p\u00e4iv\u00e4ll\u00e4 tai y\u00f6ll\u00e4.<\/p>\n","protected":false},"featured_media":27600,"comment_status":"open","ping_status":"closed","template":"","meta":[],"product_cat":[495],"product_tag":[],"yoast_head":"<!-- This site is optimized with the Yoast SEO plugin v20.7 - https:\/\/yoast.com\/wordpress\/plugins\/seo\/ -->\n<title>cannaline K\u00c4\u00c4NTYMIST\u00c4 VASTAAN CBD SEERUMI - Kosmetiikka - CBDshop.ee<\/title>\n<meta name=\"description\" content=\"cannaline K\u00c4\u00c4NTYMIST\u00c4 VASTAAN CBD SEERUMI, parima hinnaga! Kvaliteetsed CBD kanepitooted \u2714 Tasuta tarne \u00fcle kogu Eesti! \u27a4 Osta CBDshopi e-poest!\" \/>\n<meta name=\"robots\" content=\"noindex, follow, max-snippet:-1, max-image-preview:large, max-video-preview:-1\" \/>\n<meta property=\"og:locale\" content=\"fi_FI\" \/>\n<meta property=\"og:type\" content=\"article\" \/>\n<meta property=\"og:title\" content=\"cannaline K\u00c4\u00c4NTYMIST\u00c4 VASTAAN CBD SEERUMI - Kosmetiikka - CBDshop.ee\" \/>\n<meta property=\"og:description\" content=\"cannaline K\u00c4\u00c4NTYMIST\u00c4 VASTAAN CBD SEERUMI, parima hinnaga! Kvaliteetsed CBD kanepitooted \u2714 Tasuta tarne \u00fcle kogu Eesti! \u27a4 Osta CBDshopi e-poest!\" \/>\n<meta property=\"og:url\" content=\"https:\/\/prelive.cbdshop.ee\/fi\/toode\/cannaline-kaantymista-vastaan-cbd-seerumi\/\" \/>\n<meta property=\"og:site_name\" content=\"CBDshop.ee\" \/>\n<meta property=\"article:publisher\" content=\"https:\/\/m.facebook.com\/cbdshop.ee\/\" \/>\n<meta property=\"article:modified_time\" content=\"2022-12-22T10:50:51+00:00\" \/>\n<meta property=\"og:image\" content=\"https:\/\/prelive.cbdshop.ee\/wp-content\/uploads\/2022\/03\/kcn-CBD-AA-Serum-01.jpg\" \/>\n\t<meta property=\"og:image:width\" content=\"1920\" \/>\n\t<meta property=\"og:image:height\" content=\"1920\" \/>\n\t<meta property=\"og:image:type\" content=\"image\/jpeg\" \/>\n<meta name=\"twitter:card\" content=\"summary_large_image\" \/>\n<meta name=\"twitter:label1\" content=\"Arvioitu lukuaika\" \/>\n\t<meta name=\"twitter:data1\" content=\"1 minuutti\" \/>\n<script type=\"application\/ld+json\" class=\"yoast-schema-graph\">{\"@context\":\"https:\/\/schema.org\",\"@graph\":[{\"@type\":\"WebPage\",\"@id\":\"https:\/\/prelive.cbdshop.ee\/fi\/toode\/cannaline-kaantymista-vastaan-cbd-seerumi\/\",\"url\":\"https:\/\/prelive.cbdshop.ee\/fi\/toode\/cannaline-kaantymista-vastaan-cbd-seerumi\/\",\"name\":\"cannaline K\u00c4\u00c4NTYMIST\u00c4 VASTAAN CBD SEERUMI - Kosmetiikka - CBDshop.ee\",\"isPartOf\":{\"@id\":\"https:\/\/prelive.cbdshop.ee\/#website\"},\"datePublished\":\"2022-03-31T14:54:38+00:00\",\"dateModified\":\"2022-12-22T10:50:51+00:00\",\"description\":\"cannaline K\u00c4\u00c4NTYMIST\u00c4 VASTAAN CBD SEERUMI, parima hinnaga! Kvaliteetsed CBD kanepitooted \u2714 Tasuta tarne \u00fcle kogu Eesti! \u27a4 Osta CBDshopi e-poest!\",\"breadcrumb\":{\"@id\":\"https:\/\/prelive.cbdshop.ee\/fi\/toode\/cannaline-kaantymista-vastaan-cbd-seerumi\/#breadcrumb\"},\"inLanguage\":\"fi\",\"potentialAction\":[{\"@type\":\"ReadAction\",\"target\":[\"https:\/\/prelive.cbdshop.ee\/fi\/toode\/cannaline-kaantymista-vastaan-cbd-seerumi\/\"]}]},{\"@type\":\"BreadcrumbList\",\"@id\":\"https:\/\/prelive.cbdshop.ee\/fi\/toode\/cannaline-kaantymista-vastaan-cbd-seerumi\/#breadcrumb\",\"itemListElement\":[{\"@type\":\"ListItem\",\"position\":1,\"name\":\"Home\",\"item\":\"https:\/\/prelive.cbdshop.ee\/fi\/\"},{\"@type\":\"ListItem\",\"position\":2,\"name\":\"Tuotteet\",\"item\":\"https:\/\/prelive.cbdshop.ee\/fi\/tooted\/\"},{\"@type\":\"ListItem\",\"position\":3,\"name\":\"cannaline K\u00c4\u00c4NTYMIST\u00c4 VASTAAN CBD SEERUMI\"}]},{\"@type\":\"WebSite\",\"@id\":\"https:\/\/prelive.cbdshop.ee\/#website\",\"url\":\"https:\/\/prelive.cbdshop.ee\/\",\"name\":\"CBDshop.ee\",\"description\":\"\u00d5itsed, \u00f5ietolm, CBD \u00f5li, CBD kanep, e-vedelikud\",\"publisher\":{\"@id\":\"https:\/\/prelive.cbdshop.ee\/#organization\"},\"potentialAction\":[{\"@type\":\"SearchAction\",\"target\":{\"@type\":\"EntryPoint\",\"urlTemplate\":\"https:\/\/prelive.cbdshop.ee\/?s={search_term_string}\"},\"query-input\":\"required name=search_term_string\"}],\"inLanguage\":\"fi\"},{\"@type\":\"Organization\",\"@id\":\"https:\/\/prelive.cbdshop.ee\/#organization\",\"name\":\"Nordic Synergy O\u00dc\",\"url\":\"https:\/\/prelive.cbdshop.ee\/\",\"logo\":{\"@type\":\"ImageObject\",\"inLanguage\":\"fi\",\"@id\":\"https:\/\/prelive.cbdshop.ee\/#\/schema\/logo\/image\/\",\"url\":\"http:\/\/prelive.cbdshop.ee\/wp-content\/uploads\/2019\/05\/CPD_Shop_logo_arvetele.png\",\"contentUrl\":\"http:\/\/prelive.cbdshop.ee\/wp-content\/uploads\/2019\/05\/CPD_Shop_logo_arvetele.png\",\"width\":386,\"height\":354,\"caption\":\"Nordic Synergy O\u00dc\"},\"image\":{\"@id\":\"https:\/\/prelive.cbdshop.ee\/#\/schema\/logo\/image\/\"},\"sameAs\":[\"https:\/\/m.facebook.com\/cbdshop.ee\/\",\"https:\/\/www.instagram.com\/cbdshop.ee\/\"]}]}<\/script>\n<!-- \/ Yoast SEO plugin. -->","yoast_head_json":{"title":"cannaline K\u00c4\u00c4NTYMIST\u00c4 VASTAAN CBD SEERUMI - Kosmetiikka - CBDshop.ee","description":"cannaline K\u00c4\u00c4NTYMIST\u00c4 VASTAAN CBD SEERUMI, parima hinnaga! Kvaliteetsed CBD kanepitooted \u2714 Tasuta tarne \u00fcle kogu Eesti! \u27a4 Osta CBDshopi e-poest!","robots":{"index":"noindex","follow":"follow","max-snippet":"max-snippet:-1","max-image-preview":"max-image-preview:large","max-video-preview":"max-video-preview:-1"},"og_locale":"fi_FI","og_type":"article","og_title":"cannaline K\u00c4\u00c4NTYMIST\u00c4 VASTAAN CBD SEERUMI - Kosmetiikka - CBDshop.ee","og_description":"cannaline K\u00c4\u00c4NTYMIST\u00c4 VASTAAN CBD SEERUMI, parima hinnaga! Kvaliteetsed CBD kanepitooted \u2714 Tasuta tarne \u00fcle kogu Eesti! \u27a4 Osta CBDshopi e-poest!","og_url":"https:\/\/prelive.cbdshop.ee\/fi\/toode\/cannaline-kaantymista-vastaan-cbd-seerumi\/","og_site_name":"CBDshop.ee","article_publisher":"https:\/\/m.facebook.com\/cbdshop.ee\/","article_modified_time":"2022-12-22T10:50:51+00:00","og_image":[{"width":1920,"height":1920,"url":"https:\/\/prelive.cbdshop.ee\/wp-content\/uploads\/2022\/03\/kcn-CBD-AA-Serum-01.jpg","type":"image\/jpeg"}],"twitter_card":"summary_large_image","twitter_misc":{"Arvioitu lukuaika":"1 minuutti"},"schema":{"@context":"https:\/\/schema.org","@graph":[{"@type":"WebPage","@id":"https:\/\/prelive.cbdshop.ee\/fi\/toode\/cannaline-kaantymista-vastaan-cbd-seerumi\/","url":"https:\/\/prelive.cbdshop.ee\/fi\/toode\/cannaline-kaantymista-vastaan-cbd-seerumi\/","name":"cannaline K\u00c4\u00c4NTYMIST\u00c4 VASTAAN CBD SEERUMI - Kosmetiikka - CBDshop.ee","isPartOf":{"@id":"https:\/\/prelive.cbdshop.ee\/#website"},"datePublished":"2022-03-31T14:54:38+00:00","dateModified":"2022-12-22T10:50:51+00:00","description":"cannaline K\u00c4\u00c4NTYMIST\u00c4 VASTAAN CBD SEERUMI, parima hinnaga! Kvaliteetsed CBD kanepitooted \u2714 Tasuta tarne \u00fcle kogu Eesti! \u27a4 Osta CBDshopi e-poest!","breadcrumb":{"@id":"https:\/\/prelive.cbdshop.ee\/fi\/toode\/cannaline-kaantymista-vastaan-cbd-seerumi\/#breadcrumb"},"inLanguage":"fi","potentialAction":[{"@type":"ReadAction","target":["https:\/\/prelive.cbdshop.ee\/fi\/toode\/cannaline-kaantymista-vastaan-cbd-seerumi\/"]}]},{"@type":"BreadcrumbList","@id":"https:\/\/prelive.cbdshop.ee\/fi\/toode\/cannaline-kaantymista-vastaan-cbd-seerumi\/#breadcrumb","itemListElement":[{"@type":"ListItem","position":1,"name":"Home","item":"https:\/\/prelive.cbdshop.ee\/fi\/"},{"@type":"ListItem","position":2,"name":"Tuotteet","item":"https:\/\/prelive.cbdshop.ee\/fi\/tooted\/"},{"@type":"ListItem","position":3,"name":"cannaline K\u00c4\u00c4NTYMIST\u00c4 VASTAAN CBD SEERUMI"}]},{"@type":"WebSite","@id":"https:\/\/prelive.cbdshop.ee\/#website","url":"https:\/\/prelive.cbdshop.ee\/","name":"CBDshop.ee","description":"\u00d5itsed, \u00f5ietolm, CBD \u00f5li, CBD kanep, e-vedelikud","publisher":{"@id":"https:\/\/prelive.cbdshop.ee\/#organization"},"potentialAction":[{"@type":"SearchAction","target":{"@type":"EntryPoint","urlTemplate":"https:\/\/prelive.cbdshop.ee\/?s={search_term_string}"},"query-input":"required name=search_term_string"}],"inLanguage":"fi"},{"@type":"Organization","@id":"https:\/\/prelive.cbdshop.ee\/#organization","name":"Nordic Synergy O\u00dc","url":"https:\/\/prelive.cbdshop.ee\/","logo":{"@type":"ImageObject","inLanguage":"fi","@id":"https:\/\/prelive.cbdshop.ee\/#\/schema\/logo\/image\/","url":"http:\/\/prelive.cbdshop.ee\/wp-content\/uploads\/2019\/05\/CPD_Shop_logo_arvetele.png","contentUrl":"http:\/\/prelive.cbdshop.ee\/wp-content\/uploads\/2019\/05\/CPD_Shop_logo_arvetele.png","width":386,"height":354,"caption":"Nordic Synergy O\u00dc"},"image":{"@id":"https:\/\/prelive.cbdshop.ee\/#\/schema\/logo\/image\/"},"sameAs":["https:\/\/m.facebook.com\/cbdshop.ee\/","https:\/\/www.instagram.com\/cbdshop.ee\/"]}]}},"_links":{"self":[{"href":"https:\/\/prelive.cbdshop.ee\/fi\/wp-json\/wp\/v2\/product\/27690"}],"collection":[{"href":"https:\/\/prelive.cbdshop.ee\/fi\/wp-json\/wp\/v2\/product"}],"about":[{"href":"https:\/\/prelive.cbdshop.ee\/fi\/wp-json\/wp\/v2\/types\/product"}],"replies":[{"embeddable":true,"href":"https:\/\/prelive.cbdshop.ee\/fi\/wp-json\/wp\/v2\/comments?post=27690"}],"wp:featuredmedia":[{"embeddable":true,"href":"https:\/\/prelive.cbdshop.ee\/fi\/wp-json\/wp\/v2\/media\/27600"}],"wp:attachment":[{"href":"https:\/\/prelive.cbdshop.ee\/fi\/wp-json\/wp\/v2\/media?parent=27690"}],"wp:term":[{"taxonomy":"product_cat","embeddable":true,"href":"https:\/\/prelive.cbdshop.ee\/fi\/wp-json\/wp\/v2\/product_cat?post=27690"},{"taxonomy":"product_tag","embeddable":true,"href":"https:\/\/prelive.cbdshop.ee\/fi\/wp-json\/wp\/v2\/product_tag?post=27690"}],"curies":[{"name":"wp","href":"https:\/\/api.w.org\/{rel}","templated":true}]}}